{"id":1001,"date":"2022-03-26T11:16:03","date_gmt":"2022-03-26T10:16:03","guid":{"rendered":"http:\/\/drive-position.atthost24.pl\/?page_id=1001"},"modified":"2026-04-17T11:59:16","modified_gmt":"2026-04-17T09:59:16","slug":"imprezy-okolicznosciowe-bemowo","status":"publish","type":"page","link":"https:\/\/www.pole-position.pl\/?page_id=1001","title":{"rendered":"Imprezy Okoliczno\u015bciowe Janki"},"content":{"rendered":"\t\t<div data-elementor-type=\"wp-post\" data-elementor-id=\"1001\" class=\"elementor elementor-1001\">\n\t\t\t\t\t\t<section class=\"elementor-section elementor-top-section elementor-element elementor-element-e9544c3 elementor-section-content-middle elementor-section-boxed elementor-section-height-default elementor-section-height-default\" data-id=\"e9544c3\" data-element_type=\"section\" data-e-type=\"section\" data-settings=\"{&quot;background_background&quot;:&quot;classic&quot;}\">\n\t\t\t\t\t\t\t<div class=\"elementor-background-overlay\"><\/div>\n\t\t\t\t\t\t\t<div class=\"elementor-container elementor-column-gap-no\">\n\t\t\t\t\t<div class=\"elementor-column elementor-col-50 elementor-top-column elementor-element elementor-element-c0356af\" data-id=\"c0356af\" data-element_type=\"column\" data-e-type=\"column\">\n\t\t\t<div class=\"elementor-widget-wrap elementor-element-populated\">\n\t\t\t\t\t\t<section class=\"elementor-section elementor-inner-section elementor-element elementor-element-4820844 elementor-section-content-middle elementor-section-boxed elementor-section-height-default elementor-section-height-default\" data-id=\"4820844\" data-element_type=\"section\" data-e-type=\"section\">\n\t\t\t\t\t\t<div class=\"elementor-container elementor-column-gap-no\">\n\t\t\t\t\t<div class=\"elementor-column elementor-col-50 elementor-inner-column elementor-element elementor-element-ef9ca35\" data-id=\"ef9ca35\" data-element_type=\"column\" data-e-type=\"column\">\n\t\t\t<div class=\"elementor-widget-wrap elementor-element-populated\">\n\t\t\t\t\t\t<div class=\"elementor-element elementor-element-8274ae8 elementor-widget elementor-widget-heading\" data-id=\"8274ae8\" data-element_type=\"widget\" data-e-type=\"widget\" data-widget_type=\"heading.default\">\n\t\t\t\t<div class=\"elementor-widget-container\">\n\t\t\t\t\t<h6 class=\"elementor-heading-title elementor-size-default\">\/ 01<\/h6>\t\t\t\t<\/div>\n\t\t\t\t<\/div>\n\t\t\t\t\t<\/div>\n\t\t<\/div>\n\t\t\t\t<div class=\"elementor-column elementor-col-50 elementor-inner-column elementor-element elementor-element-c53e939\" data-id=\"c53e939\" data-element_type=\"column\" data-e-type=\"column\">\n\t\t\t<div class=\"elementor-widget-wrap\">\n\t\t\t\t\t\t\t<\/div>\n\t\t<\/div>\n\t\t\t\t\t<\/div>\n\t\t<\/section>\n\t\t\t\t<section class=\"elementor-section elementor-inner-section elementor-element elementor-element-a7adb26 elementor-section-content-middle elementor-section-boxed elementor-section-height-default elementor-section-height-default\" data-id=\"a7adb26\" data-element_type=\"section\" data-e-type=\"section\">\n\t\t\t\t\t\t<div class=\"elementor-container elementor-column-gap-no\">\n\t\t\t\t\t<div class=\"elementor-column elementor-col-50 elementor-inner-column elementor-element elementor-element-95b1221\" data-id=\"95b1221\" data-element_type=\"column\" data-e-type=\"column\">\n\t\t\t<div class=\"elementor-widget-wrap elementor-element-populated\">\n\t\t\t\t\t\t<div class=\"elementor-element elementor-element-abd3ad7 elementor-widget-divider--view-line elementor-widget elementor-widget-divider\" data-id=\"abd3ad7\" data-element_type=\"widget\" data-e-type=\"widget\" data-widget_type=\"divider.default\">\n\t\t\t\t<div class=\"elementor-widget-container\">\n\t\t\t\t\t\t\t<div class=\"elementor-divider\">\n\t\t\t<span class=\"elementor-divider-separator\">\n\t\t\t\t\t\t<\/span>\n\t\t<\/div>\n\t\t\t\t\t\t<\/div>\n\t\t\t\t<\/div>\n\t\t\t\t\t<\/div>\n\t\t<\/div>\n\t\t\t\t<div class=\"elementor-column elementor-col-50 elementor-inner-column elementor-element elementor-element-b9ced9e\" data-id=\"b9ced9e\" data-element_type=\"column\" data-e-type=\"column\">\n\t\t\t<div class=\"elementor-widget-wrap\">\n\t\t\t\t\t\t\t<\/div>\n\t\t<\/div>\n\t\t\t\t\t<\/div>\n\t\t<\/section>\n\t\t\t\t<div class=\"elementor-element elementor-element-83bd34d elementor-widget elementor-widget-heading\" data-id=\"83bd34d\" data-element_type=\"widget\" data-e-type=\"widget\" data-widget_type=\"heading.default\">\n\t\t\t\t<div class=\"elementor-widget-container\">\n\t\t\t\t\t<h2 class=\"elementor-heading-title elementor-size-default\">Imprezy okoliczno\u015bciowe<\/h2>\t\t\t\t<\/div>\n\t\t\t\t<\/div>\n\t\t\t\t<section class=\"elementor-section elementor-inner-section elementor-element elementor-element-3b29ca6 elementor-section-content-middle elementor-section-boxed elementor-section-height-default elementor-section-height-default\" data-id=\"3b29ca6\" data-element_type=\"section\" data-e-type=\"section\">\n\t\t\t\t\t\t<div class=\"elementor-container elementor-column-gap-no\">\n\t\t\t\t\t<div class=\"elementor-column elementor-col-50 elementor-inner-column elementor-element elementor-element-cee6732\" data-id=\"cee6732\" data-element_type=\"column\" data-e-type=\"column\">\n\t\t\t<div class=\"elementor-widget-wrap elementor-element-populated\">\n\t\t\t\t\t\t<div class=\"elementor-element elementor-element-19f1393 elementor-widget-divider--view-line elementor-widget elementor-widget-divider\" data-id=\"19f1393\" data-element_type=\"widget\" data-e-type=\"widget\" data-widget_type=\"divider.default\">\n\t\t\t\t<div class=\"elementor-widget-container\">\n\t\t\t\t\t\t\t<div class=\"elementor-divider\">\n\t\t\t<span class=\"elementor-divider-separator\">\n\t\t\t\t\t\t<\/span>\n\t\t<\/div>\n\t\t\t\t\t\t<\/div>\n\t\t\t\t<\/div>\n\t\t\t\t\t<\/div>\n\t\t<\/div>\n\t\t\t\t<div class=\"elementor-column elementor-col-50 elementor-inner-column elementor-element elementor-element-34bf903\" data-id=\"34bf903\" data-element_type=\"column\" data-e-type=\"column\">\n\t\t\t<div class=\"elementor-widget-wrap elementor-element-populated\">\n\t\t\t\t\t\t<div class=\"elementor-element elementor-element-75adab3 elementor-widget elementor-widget-heading\" data-id=\"75adab3\" data-element_type=\"widget\" data-e-type=\"widget\" data-widget_type=\"heading.default\">\n\t\t\t\t<div class=\"elementor-widget-container\">\n\t\t\t\t\t<h6 class=\"elementor-heading-title elementor-size-default\">Tor w Jankach dysponuje szerok\u0105 ofert\u0105 atrakcji, kt\u00f3re urozmaic\u0105 ka\u017cd\u0105 imprez\u0119<\/h6>\t\t\t\t<\/div>\n\t\t\t\t<\/div>\n\t\t\t\t\t<\/div>\n\t\t<\/div>\n\t\t\t\t\t<\/div>\n\t\t<\/section>\n\t\t\t\t<div class=\"elementor-element elementor-element-d8f923c elementor-widget elementor-widget-text-editor\" data-id=\"d8f923c\" data-element_type=\"widget\" data-e-type=\"widget\" data-widget_type=\"text-editor.default\">\n\t\t\t\t<div class=\"elementor-widget-container\">\n\t\t\t\t\t\t\t\t\t<p>Pole Position Cup to ma\u0142e zawody z du\u017c\u0105 dawk\u0105 emocji. To idealna zabawa z nut\u0105 rywalizacji, kt\u00f3ra urozmaici ka\u017cd\u0105 Wasz\u0105 imprez\u0119.<\/p><p>Pole Position Cup to minipuchar dla grup od 8 os\u00f3b.<br \/>Rywalizacja trwa oko\u0142o godziny, podczas trzech sesji wy\u015bcigowych:<br \/>\u2022 Sesja treningowa<br \/>\u2022 Wy\u015bcig<br \/>\u2022 Fina\u0142<\/p><p>Trzech najszybszych zawodnik\u00f3w nagradzamy dyplomami.<\/p>\t\t\t\t\t\t\t\t<\/div>\n\t\t\t\t<\/div>\n\t\t\t\t<div class=\"elementor-element elementor-element-6422834 elementor-widget elementor-widget-heading\" data-id=\"6422834\" data-element_type=\"widget\" data-e-type=\"widget\" data-widget_type=\"heading.default\">\n\t\t\t\t<div class=\"elementor-widget-container\">\n\t\t\t\t\t<h2 class=\"elementor-heading-title elementor-size-medium\">Cennik i rezerwacje:<\/h2>\t\t\t\t<\/div>\n\t\t\t\t<\/div>\n\t\t\t\t<section class=\"elementor-section elementor-inner-section elementor-element elementor-element-cbf3288 elementor-section-content-bottom elementor-section-boxed elementor-section-height-default elementor-section-height-default\" data-id=\"cbf3288\" data-element_type=\"section\" data-e-type=\"section\">\n\t\t\t\t\t\t<div class=\"elementor-container elementor-column-gap-no\">\n\t\t\t\t\t<div class=\"elementor-column elementor-col-50 elementor-inner-column elementor-element elementor-element-035cbe1\" data-id=\"035cbe1\" data-element_type=\"column\" data-e-type=\"column\">\n\t\t\t<div class=\"elementor-widget-wrap elementor-element-populated\">\n\t\t\t\t\t\t<div class=\"elementor-element elementor-element-11d3c24 elementor-widget elementor-widget-text-editor\" data-id=\"11d3c24\" data-element_type=\"widget\" data-e-type=\"widget\" data-widget_type=\"text-editor.default\">\n\t\t\t\t<div class=\"elementor-widget-container\">\n\t\t\t\t\t\t\t\t\t<p>\u2022 Cena: 280 z\u0142 za osob\u0119<br \/>&#8211; wymagana wcze\u015bniejsza rezerwacja!<\/p><p>\u2022 Na torze w Jankach jest mo\u017cliwo\u015b\u0107 zam\u00f3wienia cateringu!<br \/>&#8211; prosimy o kontakt ws. wyceny<\/p>\t\t\t\t\t\t\t\t<\/div>\n\t\t\t\t<\/div>\n\t\t\t\t\t<\/div>\n\t\t<\/div>\n\t\t\t\t<div class=\"elementor-column elementor-col-50 elementor-inner-column elementor-element elementor-element-2e1157b\" data-id=\"2e1157b\" data-element_type=\"column\" data-e-type=\"column\">\n\t\t\t<div class=\"elementor-widget-wrap elementor-element-populated\">\n\t\t\t\t\t\t<div class=\"elementor-element elementor-element-b3b06b0 elementor-widget elementor-widget-text-editor\" data-id=\"b3b06b0\" data-element_type=\"widget\" data-e-type=\"widget\" data-widget_type=\"text-editor.default\">\n\t\t\t\t<div class=\"elementor-widget-container\">\n\t\t\t\t\t\t\t\t\t\u2022 <u>Imprezy okoliczno\u015bciowe<\/u><br>\n\nTelefon: <a href=\"http:\/\/&lt;a href=\">+48 606 339 338<\/a>\n<br>Email: <a href=\"mailto:janki@pole-position.pl\">janki@pole-position.pl<\/a>\t\t\t\t\t\t\t\t<\/div>\n\t\t\t\t<\/div>\n\t\t\t\t\t<\/div>\n\t\t<\/div>\n\t\t\t\t\t<\/div>\n\t\t<\/section>\n\t\t\t\t<div class=\"elementor-element elementor-element-5933908 elementor-align-justify elementor-widget elementor-widget-button\" data-id=\"5933908\" data-element_type=\"widget\" data-e-type=\"widget\" data-widget_type=\"button.default\">\n\t\t\t\t<div class=\"elementor-widget-container\">\n\t\t\t\t\t\t\t\t\t<div class=\"elementor-button-wrapper\">\n\t\t\t\t\t<a class=\"elementor-button elementor-button-link elementor-size-sm elementor-animation-shrink\" href=\"http:\/\/drive-position.atthost24.pl\/?page_id=15\">\n\t\t\t\t\t\t<span class=\"elementor-button-content-wrapper\">\n\t\t\t\t\t\t\t\t\t<span class=\"elementor-button-text\">Skontaktuj si\u0119 z nami  i zarezerwuj swoj\u0105 imprez\u0119<\/span>\n\t\t\t\t\t<\/span>\n\t\t\t\t\t<\/a>\n\t\t\t\t<\/div>\n\t\t\t\t\t\t\t\t<\/div>\n\t\t\t\t<\/div>\n\t\t\t\t<div class=\"elementor-element elementor-element-0796a96 elementor-align-justify elementor-widget elementor-widget-button\" data-id=\"0796a96\" data-element_type=\"widget\" data-e-type=\"widget\" data-widget_type=\"button.default\">\n\t\t\t\t<div class=\"elementor-widget-container\">\n\t\t\t\t\t\t\t\t\t<div class=\"elementor-button-wrapper\">\n\t\t\t\t\t<a class=\"elementor-button elementor-button-link elementor-size-sm elementor-animation-shrink\" href=\"https:\/\/sklep.drive-position.pl\">\n\t\t\t\t\t\t<span class=\"elementor-button-content-wrapper\">\n\t\t\t\t\t\t\t\t\t<span class=\"elementor-button-text\">Kup ten produkt i wiele innych w naszym sklepie<\/span>\n\t\t\t\t\t<\/span>\n\t\t\t\t\t<\/a>\n\t\t\t\t<\/div>\n\t\t\t\t\t\t\t\t<\/div>\n\t\t\t\t<\/div>\n\t\t\t\t\t<\/div>\n\t\t<\/div>\n\t\t\t\t<div class=\"elementor-column elementor-col-50 elementor-top-column elementor-element elementor-element-a717bad\" data-id=\"a717bad\" data-element_type=\"column\" data-e-type=\"column\">\n\t\t\t<div class=\"elementor-widget-wrap elementor-element-populated\">\n\t\t\t\t\t\t<div class=\"elementor-element elementor-element-eb3f212 elementor-widget elementor-widget-image\" data-id=\"eb3f212\" data-element_type=\"widget\" data-e-type=\"widget\" data-widget_type=\"image.default\">\n\t\t\t\t<div class=\"elementor-widget-container\">\n\t\t\t\t\t\t\t\t\t\t\t\t\t\t\t<img fetchpriority=\"high\" decoding=\"async\" width=\"1024\" height=\"407\" src=\"https:\/\/www.pole-position.pl\/wp-content\/uploads\/2026\/04\/cropped-jasny-pole-20-scaled-e1776417735964-240x95.png\" class=\"attachment-large size-large wp-image-2320\" alt=\"Pole Position - gokarty Warszawa\" srcset=\"https:\/\/www.pole-position.pl\/wp-content\/uploads\/2026\/04\/cropped-jasny-pole-20-scaled-e1776417735964-1024x407.png 1024w, https:\/\/www.pole-position.pl\/wp-content\/uploads\/2026\/04\/cropped-jasny-pole-20-scaled-e1776417735964-300x119.png 300w, https:\/\/www.pole-position.pl\/wp-content\/uploads\/2026\/04\/cropped-jasny-pole-20-scaled-e1776417735964-768x305.png 768w, https:\/\/www.pole-position.pl\/wp-content\/uploads\/2026\/04\/cropped-jasny-pole-20-scaled-e1776417735964-240x95.png 240w, https:\/\/www.pole-position.pl\/wp-content\/uploads\/2026\/04\/cropped-jasny-pole-20-scaled-e1776417735964.png 1387w\" sizes=\"(max-width: 1024px) 100vw, 1024px\" \/>\t\t\t\t\t\t\t\t\t\t\t\t\t\t\t<\/div>\n\t\t\t\t<\/div>\n\t\t\t\t<div class=\"elementor-element elementor-element-682e839 elementor-widget elementor-widget-image\" data-id=\"682e839\" data-element_type=\"widget\" data-e-type=\"widget\" data-widget_type=\"image.default\">\n\t\t\t\t<div class=\"elementor-widget-container\">\n\t\t\t\t\t\t\t\t\t\t\t\t\t\t\t\t<a href=\"https:\/\/www.pole-position.pl\/?page_id=388\">\n\t\t\t\t\t\t\t<img decoding=\"async\" width=\"1024\" height=\"819\" src=\"https:\/\/www.pole-position.pl\/wp-content\/uploads\/2026\/02\/Zrzut-ekranu-2026-02-2-o-13.45.38-e1776419859694-1024x819.png\" class=\"attachment-large size-large wp-image-2255\" alt=\"Akademia Kartingu dla dzieci Warszawa\" srcset=\"https:\/\/www.pole-position.pl\/wp-content\/uploads\/2026\/02\/Zrzut-ekranu-2026-02-2-o-13.45.38-e1776419859694-1024x819.png 1024w, https:\/\/www.pole-position.pl\/wp-content\/uploads\/2026\/02\/Zrzut-ekranu-2026-02-2-o-13.45.38-e1776419859694-300x240.png 300w, https:\/\/www.pole-position.pl\/wp-content\/uploads\/2026\/02\/Zrzut-ekranu-2026-02-2-o-13.45.38-e1776419859694-768x615.png 768w, https:\/\/www.pole-position.pl\/wp-content\/uploads\/2026\/02\/Zrzut-ekranu-2026-02-2-o-13.45.38-e1776419859694.png 1066w\" sizes=\"(max-width: 1024px) 100vw, 1024px\" \/>\t\t\t\t\t\t\t\t<\/a>\n\t\t\t\t\t\t\t\t\t\t\t\t\t\t\t<\/div>\n\t\t\t\t<\/div>\n\t\t\t\t\t<\/div>\n\t\t<\/div>\n\t\t\t\t\t<\/div>\n\t\t<\/section>\n\t\t\t\t<section class=\"elementor-section elementor-top-section elementor-element elementor-element-43e177d elementor-section-boxed elementor-section-height-default elementor-section-height-default\" data-id=\"43e177d\" data-element_type=\"section\" data-e-type=\"section\" data-settings=\"{&quot;background_background&quot;:&quot;classic&quot;}\">\n\t\t\t\t\t\t\t<div class=\"elementor-background-overlay\"><\/div>\n\t\t\t\t\t\t\t<div class=\"elementor-container elementor-column-gap-default\">\n\t\t\t\t\t<div class=\"elementor-column elementor-col-33 elementor-top-column elementor-element elementor-element-bc0ea04\" data-id=\"bc0ea04\" data-element_type=\"column\" data-e-type=\"column\">\n\t\t\t<div class=\"elementor-widget-wrap elementor-element-populated\">\n\t\t\t\t\t\t<div class=\"elementor-element elementor-element-55e404f elementor-widget elementor-widget-heading\" data-id=\"55e404f\" data-element_type=\"widget\" data-e-type=\"widget\" data-widget_type=\"heading.default\">\n\t\t\t\t<div class=\"elementor-widget-container\">\n\t\t\t\t\t<h4 class=\"elementor-heading-title elementor-size-default\">Wiecz\u00f3r Kawaleski<\/h4>\t\t\t\t<\/div>\n\t\t\t\t<\/div>\n\t\t\t\t<div class=\"elementor-element elementor-element-8a442ac elementor-widget elementor-widget-text-editor\" data-id=\"8a442ac\" data-element_type=\"widget\" data-e-type=\"widget\" data-widget_type=\"text-editor.default\">\n\t\t\t\t<div class=\"elementor-widget-container\">\n\t\t\t\t\t\t\t\t\t<p>Pr\u0119dko\u015b\u0107, sport, adrenalina, du\u017ce emocje &#8211; gwarantujemy Wam to wszystko podczas najlepszego wieczoru kawalerskiego na naszym torze w Jankach.<\/p><p>Zorganizujemy dla Was profesjonalne zawody gokartowe i sprawdzimy, kto z Was ma najwi\u0119ksze szcz\u0119\u015bcie i umiej\u0119tno\u015bci.<\/p><p>Na Pa\u0144stwa \u017cyczenie po wy\u015bcigu b\u0119d\u0105 czeka\u0142y na Was przek\u0105ski oraz napoje bez- i alkoholowe, aby\u015bcie mogli z\u0142apa\u0107 chwil\u0119 oddechu po wy\u015bcigowych emocjach.<\/p>\t\t\t\t\t\t\t\t<\/div>\n\t\t\t\t<\/div>\n\t\t\t\t\t<\/div>\n\t\t<\/div>\n\t\t\t\t<div class=\"elementor-column elementor-col-33 elementor-top-column elementor-element elementor-element-6a23512\" data-id=\"6a23512\" data-element_type=\"column\" data-e-type=\"column\">\n\t\t\t<div class=\"elementor-widget-wrap elementor-element-populated\">\n\t\t\t\t\t\t<div class=\"elementor-element elementor-element-6af8abd elementor-widget elementor-widget-heading\" data-id=\"6af8abd\" data-element_type=\"widget\" data-e-type=\"widget\" data-widget_type=\"heading.default\">\n\t\t\t\t<div class=\"elementor-widget-container\">\n\t\t\t\t\t<h4 class=\"elementor-heading-title elementor-size-default\">Wiecz\u00f3r Panie\u0144ski<\/h4>\t\t\t\t<\/div>\n\t\t\t\t<\/div>\n\t\t\t\t<div class=\"elementor-element elementor-element-9234795 elementor-widget elementor-widget-text-editor\" data-id=\"9234795\" data-element_type=\"widget\" data-e-type=\"widget\" data-widget_type=\"text-editor.default\">\n\t\t\t\t<div class=\"elementor-widget-container\">\n\t\t\t\t\t\t\t\t\t<p>Zapraszamy wszystkie Panie na kobiecy wiecz\u00f3r w Pole Position. Sprawd\u017acie, kt\u00f3ra z Was b\u0119dzie najszybsza podczas przyjacielskiej rywalizacji z motoryzacj\u0105 w tle.<\/p><p>Po emocjach na torze, na Pa\u0144stwa \u017cyczenie zaprosimy Was na chwil\u0119 wytchnienia i wymiany wra\u017ce\u0144 przy pysznych przek\u0105skach, kawie, herbacie, winie&#8230;<\/p><p>Aby uatrakcyjni\u0107 Wasze spotkanie mo\u017cemy zorganizowa\u0107 dla Was sesj\u0119 z wiza\u017cystk\u0105, stylistk\u0105 lub makija\u017cystk\u0105, kt\u00f3ra przygotuje Was do dalszej cz\u0119\u015bci wieczoru w mie\u015bcie.<\/p>\t\t\t\t\t\t\t\t<\/div>\n\t\t\t\t<\/div>\n\t\t\t\t\t<\/div>\n\t\t<\/div>\n\t\t\t\t<div class=\"elementor-column elementor-col-33 elementor-top-column elementor-element elementor-element-08446bb\" data-id=\"08446bb\" data-element_type=\"column\" data-e-type=\"column\">\n\t\t\t<div class=\"elementor-widget-wrap elementor-element-populated\">\n\t\t\t\t\t\t<div class=\"elementor-element elementor-element-f4cfaa9 elementor-widget elementor-widget-heading\" data-id=\"f4cfaa9\" data-element_type=\"widget\" data-e-type=\"widget\" data-widget_type=\"heading.default\">\n\t\t\t\t<div class=\"elementor-widget-container\">\n\t\t\t\t\t<h4 class=\"elementor-heading-title elementor-size-default\">Gokartowe Urodziny<\/h4>\t\t\t\t<\/div>\n\t\t\t\t<\/div>\n\t\t\t\t<div class=\"elementor-element elementor-element-39961ad elementor-widget elementor-widget-text-editor\" data-id=\"39961ad\" data-element_type=\"widget\" data-e-type=\"widget\" data-widget_type=\"text-editor.default\">\n\t\t\t\t<div class=\"elementor-widget-container\">\n\t\t\t\t\t\t\t\t\t<p>Nie masz pomys\u0142u na wyj\u0105tkowe urodziny, kt\u00f3rych nie zorganizowa\u0142 jeszcze nikt w\u015br\u00f3d Twoich znajomych? Nasz tor to idealny miejsce na t\u0105 imprez\u0119.<\/p><p>Profesjonalne zawody i nagrody dla najlepszych to najlepsze rozwi\u0105zanie na urodziny, kt\u00f3rych nie zapomni nikt z Twoich Go\u015bci. Na Pa\u0144stwa \u017cyczenie oferujemy r\u00f3wnie\u017c wy\u015bmienity catering, przek\u0105ski i napoje.<\/p>\t\t\t\t\t\t\t\t<\/div>\n\t\t\t\t<\/div>\n\t\t\t\t\t<\/div>\n\t\t<\/div>\n\t\t\t\t\t<\/div>\n\t\t<\/section>\n\t\t\t\t<\/div>\n\t\t","protected":false},"excerpt":{"rendered":"<p>\/ 01 Imprezy okoliczno\u015bciowe Tor w Jankach dysponuje szerok\u0105 ofert\u0105 atrakcji, kt\u00f3re urozmaic\u0105 ka\u017cd\u0105 imprez\u0119 Pole Position Cup to ma\u0142e zawody z du\u017c\u0105 dawk\u0105 emocji. To idealna zabawa z nut\u0105 rywalizacji, kt\u00f3ra urozmaici ka\u017cd\u0105 Wasz\u0105 imprez\u0119. Pole Position Cup to minipuchar dla grup od 8 os\u00f3b.Rywalizacja trwa oko\u0142o godziny, podczas trzech sesji wy\u015bcigowych:\u2022 Sesja treningowa\u2022 &hellip;<\/p>\n<p class=\"read-more\"> <a class=\"\" href=\"https:\/\/www.pole-position.pl\/?page_id=1001\"> <span class=\"screen-reader-text\">Imprezy Okoliczno\u015bciowe Janki<\/span> Czytaj wi\u0119cej >><\/a><\/p>\n","protected":false},"author":1,"featured_media":685,"parent":0,"menu_order":0,"comment_status":"closed","ping_status":"closed","template":"","meta":{"_monsterinsights_skip_tracking":false,"_monsterinsights_sitenote_active":false,"_monsterinsights_sitenote_note":"","_monsterinsights_sitenote_category":0,"site-sidebar-layout":"no-sidebar","site-content-layout":"page-builder","ast-main-header-display":"","ast-hfb-above-header-display":"","ast-hfb-below-header-display":"","ast-hfb-mobile-header-display":"","site-post-title":"disabled","ast-breadcrumbs-content":"","ast-featured-img":"disabled","footer-sml-layout":"","theme-transparent-header-meta":"enabled","adv-header-id-meta":"","stick-header-meta":"","header-above-stick-meta":"","header-main-stick-meta":"","header-below-stick-meta":"","footnotes":""},"class_list":["post-1001","page","type-page","status-publish","has-post-thumbnail","hentry"],"aioseo_notices":[],"_links":{"self":[{"href":"https:\/\/www.pole-position.pl\/index.php?rest_route=\/wp\/v2\/pages\/1001","targetHints":{"allow":["GET"]}}],"collection":[{"href":"https:\/\/www.pole-position.pl\/index.php?rest_route=\/wp\/v2\/pages"}],"about":[{"href":"https:\/\/www.pole-position.pl\/index.php?rest_route=\/wp\/v2\/types\/page"}],"author":[{"embeddable":true,"href":"https:\/\/www.pole-position.pl\/index.php?rest_route=\/wp\/v2\/users\/1"}],"replies":[{"embeddable":true,"href":"https:\/\/www.pole-position.pl\/index.php?rest_route=%2Fwp%2Fv2%2Fcomments&post=1001"}],"version-history":[{"count":71,"href":"https:\/\/www.pole-position.pl\/index.php?rest_route=\/wp\/v2\/pages\/1001\/revisions"}],"predecessor-version":[{"id":2345,"href":"https:\/\/www.pole-position.pl\/index.php?rest_route=\/wp\/v2\/pages\/1001\/revisions\/2345"}],"wp:featuredmedia":[{"embeddable":true,"href":"https:\/\/www.pole-position.pl\/index.php?rest_route=\/wp\/v2\/media\/685"}],"wp:attachment":[{"href":"https:\/\/www.pole-position.pl\/index.php?rest_route=%2Fwp%2Fv2%2Fmedia&parent=1001"}],"curies":[{"name":"wp","href":"https:\/\/api.w.org\/{rel}","templated":true}]}}