{"id":747,"date":"2022-03-18T11:08:36","date_gmt":"2022-03-18T10:08:36","guid":{"rendered":"http:\/\/drive-position.atthost24.pl\/?page_id=747"},"modified":"2026-04-21T10:11:55","modified_gmt":"2026-04-21T08:11:55","slug":"cennik","status":"publish","type":"page","link":"https:\/\/www.pole-position.pl\/?page_id=747","title":{"rendered":"Cennik"},"content":{"rendered":"\t\t<div data-elementor-type=\"wp-post\" data-elementor-id=\"747\" class=\"elementor elementor-747\">\n\t\t\t\t\t\t<section class=\"elementor-section elementor-top-section elementor-element elementor-element-e9544c3 elementor-section-content-middle elementor-section-boxed elementor-section-height-default elementor-section-height-default\" data-id=\"e9544c3\" data-element_type=\"section\" data-e-type=\"section\" data-settings=\"{&quot;background_background&quot;:&quot;classic&quot;}\">\n\t\t\t\t\t\t\t<div class=\"elementor-background-overlay\"><\/div>\n\t\t\t\t\t\t\t<div class=\"elementor-container elementor-column-gap-no\">\n\t\t\t\t\t<div class=\"elementor-column elementor-col-50 elementor-top-column elementor-element elementor-element-c0356af\" data-id=\"c0356af\" data-element_type=\"column\" data-e-type=\"column\">\n\t\t\t<div class=\"elementor-widget-wrap elementor-element-populated\">\n\t\t\t\t\t\t<section class=\"elementor-section elementor-inner-section elementor-element elementor-element-4820844 elementor-section-content-middle elementor-section-boxed elementor-section-height-default elementor-section-height-default\" data-id=\"4820844\" data-element_type=\"section\" data-e-type=\"section\">\n\t\t\t\t\t\t<div class=\"elementor-container elementor-column-gap-no\">\n\t\t\t\t\t<div class=\"elementor-column elementor-col-50 elementor-inner-column elementor-element elementor-element-ef9ca35\" data-id=\"ef9ca35\" data-element_type=\"column\" data-e-type=\"column\">\n\t\t\t<div class=\"elementor-widget-wrap elementor-element-populated\">\n\t\t\t\t\t\t<div class=\"elementor-element elementor-element-8274ae8 elementor-widget elementor-widget-heading\" data-id=\"8274ae8\" data-element_type=\"widget\" data-e-type=\"widget\" data-widget_type=\"heading.default\">\n\t\t\t\t<div class=\"elementor-widget-container\">\n\t\t\t\t\t<h6 class=\"elementor-heading-title elementor-size-default\">\/ 01<\/h6>\t\t\t\t<\/div>\n\t\t\t\t<\/div>\n\t\t\t\t\t<\/div>\n\t\t<\/div>\n\t\t\t\t<div class=\"elementor-column elementor-col-50 elementor-inner-column elementor-element elementor-element-c53e939\" data-id=\"c53e939\" data-element_type=\"column\" data-e-type=\"column\">\n\t\t\t<div class=\"elementor-widget-wrap\">\n\t\t\t\t\t\t\t<\/div>\n\t\t<\/div>\n\t\t\t\t\t<\/div>\n\t\t<\/section>\n\t\t\t\t<section class=\"elementor-section elementor-inner-section elementor-element elementor-element-a7adb26 elementor-section-content-middle elementor-section-boxed elementor-section-height-default elementor-section-height-default\" data-id=\"a7adb26\" data-element_type=\"section\" data-e-type=\"section\">\n\t\t\t\t\t\t<div class=\"elementor-container elementor-column-gap-no\">\n\t\t\t\t\t<div class=\"elementor-column elementor-col-50 elementor-inner-column elementor-element elementor-element-95b1221\" data-id=\"95b1221\" data-element_type=\"column\" data-e-type=\"column\">\n\t\t\t<div class=\"elementor-widget-wrap elementor-element-populated\">\n\t\t\t\t\t\t<div class=\"elementor-element elementor-element-abd3ad7 elementor-widget-divider--view-line elementor-widget elementor-widget-divider\" data-id=\"abd3ad7\" data-element_type=\"widget\" data-e-type=\"widget\" data-widget_type=\"divider.default\">\n\t\t\t\t<div class=\"elementor-widget-container\">\n\t\t\t\t\t\t\t<div class=\"elementor-divider\">\n\t\t\t<span class=\"elementor-divider-separator\">\n\t\t\t\t\t\t<\/span>\n\t\t<\/div>\n\t\t\t\t\t\t<\/div>\n\t\t\t\t<\/div>\n\t\t\t\t\t<\/div>\n\t\t<\/div>\n\t\t\t\t<div class=\"elementor-column elementor-col-50 elementor-inner-column elementor-element elementor-element-b9ced9e\" data-id=\"b9ced9e\" data-element_type=\"column\" data-e-type=\"column\">\n\t\t\t<div class=\"elementor-widget-wrap\">\n\t\t\t\t\t\t\t<\/div>\n\t\t<\/div>\n\t\t\t\t\t<\/div>\n\t\t<\/section>\n\t\t\t\t<div class=\"elementor-element elementor-element-83bd34d elementor-widget elementor-widget-heading\" data-id=\"83bd34d\" data-element_type=\"widget\" data-e-type=\"widget\" data-widget_type=\"heading.default\">\n\t\t\t\t<div class=\"elementor-widget-container\">\n\t\t\t\t\t<h2 class=\"elementor-heading-title elementor-size-default\">Cennik<\/h2>\t\t\t\t<\/div>\n\t\t\t\t<\/div>\n\t\t\t\t<section class=\"elementor-section elementor-inner-section elementor-element elementor-element-3b29ca6 elementor-section-content-middle elementor-section-boxed elementor-section-height-default elementor-section-height-default\" data-id=\"3b29ca6\" data-element_type=\"section\" data-e-type=\"section\">\n\t\t\t\t\t\t<div class=\"elementor-container elementor-column-gap-no\">\n\t\t\t\t\t<div class=\"elementor-column elementor-col-50 elementor-inner-column elementor-element elementor-element-cee6732\" data-id=\"cee6732\" data-element_type=\"column\" data-e-type=\"column\">\n\t\t\t<div class=\"elementor-widget-wrap elementor-element-populated\">\n\t\t\t\t\t\t<div class=\"elementor-element elementor-element-19f1393 elementor-widget-divider--view-line elementor-widget elementor-widget-divider\" data-id=\"19f1393\" data-element_type=\"widget\" data-e-type=\"widget\" data-widget_type=\"divider.default\">\n\t\t\t\t<div class=\"elementor-widget-container\">\n\t\t\t\t\t\t\t<div class=\"elementor-divider\">\n\t\t\t<span class=\"elementor-divider-separator\">\n\t\t\t\t\t\t<\/span>\n\t\t<\/div>\n\t\t\t\t\t\t<\/div>\n\t\t\t\t<\/div>\n\t\t\t\t\t<\/div>\n\t\t<\/div>\n\t\t\t\t<div class=\"elementor-column elementor-col-50 elementor-inner-column elementor-element elementor-element-34bf903\" data-id=\"34bf903\" data-element_type=\"column\" data-e-type=\"column\">\n\t\t\t<div class=\"elementor-widget-wrap elementor-element-populated\">\n\t\t\t\t\t\t<div class=\"elementor-element elementor-element-75adab3 elementor-widget elementor-widget-heading\" data-id=\"75adab3\" data-element_type=\"widget\" data-e-type=\"widget\" data-widget_type=\"heading.default\">\n\t\t\t\t<div class=\"elementor-widget-container\">\n\t\t\t\t\t<h6 class=\"elementor-heading-title elementor-size-default\">Gokarty warszawa, jazdy indywidualne, gokarty dla dzieci, imprezy okoliczno\u015bciowe<\/h6>\t\t\t\t<\/div>\n\t\t\t\t<\/div>\n\t\t\t\t<div class=\"elementor-element elementor-element-96fd5b0 elementor-widget elementor-widget-spacer\" data-id=\"96fd5b0\" data-element_type=\"widget\" data-e-type=\"widget\" data-widget_type=\"spacer.default\">\n\t\t\t\t<div class=\"elementor-widget-container\">\n\t\t\t\t\t\t\t<div class=\"elementor-spacer\">\n\t\t\t<div class=\"elementor-spacer-inner\"><\/div>\n\t\t<\/div>\n\t\t\t\t\t\t<\/div>\n\t\t\t\t<\/div>\n\t\t\t\t\t<\/div>\n\t\t<\/div>\n\t\t\t\t\t<\/div>\n\t\t<\/section>\n\t\t\t\t<div class=\"elementor-element elementor-element-f0308b0 elementor-widget elementor-widget-heading\" data-id=\"f0308b0\" data-element_type=\"widget\" data-e-type=\"widget\" data-widget_type=\"heading.default\">\n\t\t\t\t<div class=\"elementor-widget-container\">\n\t\t\t\t\t<h4 class=\"elementor-heading-title elementor-size-default\">Od poniedzia\u0142ku do pi\u0105tku, ka\u017cda jazda ta\u0144sza o 20z\u0142! <br>Promocja wa\u017cna na naszych torach i w sklepie online!<\/h4>\t\t\t\t<\/div>\n\t\t\t\t<\/div>\n\t\t\t\t<section class=\"elementor-section elementor-inner-section elementor-element elementor-element-cbf3288 elementor-section-content-bottom elementor-section-boxed elementor-section-height-default elementor-section-height-default\" data-id=\"cbf3288\" data-element_type=\"section\" data-e-type=\"section\">\n\t\t\t\t\t\t<div class=\"elementor-container elementor-column-gap-no\">\n\t\t\t\t\t<div class=\"elementor-column elementor-col-50 elementor-inner-column elementor-element elementor-element-035cbe1\" data-id=\"035cbe1\" data-element_type=\"column\" data-e-type=\"column\">\n\t\t\t<div class=\"elementor-widget-wrap elementor-element-populated\">\n\t\t\t\t\t\t<div class=\"elementor-element elementor-element-eab6ed1 elementor-widget elementor-widget-heading\" data-id=\"eab6ed1\" data-element_type=\"widget\" data-e-type=\"widget\" data-widget_type=\"heading.default\">\n\t\t\t\t<div class=\"elementor-widget-container\">\n\t\t\t\t\t<h3 class=\"elementor-heading-title elementor-size-default\">Tor Janki<\/h3>\t\t\t\t<\/div>\n\t\t\t\t<\/div>\n\t\t\t\t<div class=\"elementor-element elementor-element-a201216 elementor-widget-divider--view-line elementor-widget elementor-widget-divider\" data-id=\"a201216\" data-element_type=\"widget\" data-e-type=\"widget\" data-widget_type=\"divider.default\">\n\t\t\t\t<div class=\"elementor-widget-container\">\n\t\t\t\t\t\t\t<div class=\"elementor-divider\">\n\t\t\t<span class=\"elementor-divider-separator\">\n\t\t\t\t\t\t<\/span>\n\t\t<\/div>\n\t\t\t\t\t\t<\/div>\n\t\t\t\t<\/div>\n\t\t\t\t<div class=\"elementor-element elementor-element-11d3c24 elementor-widget elementor-widget-text-editor\" data-id=\"11d3c24\" data-element_type=\"widget\" data-e-type=\"widget\" data-widget_type=\"text-editor.default\">\n\t\t\t\t<div class=\"elementor-widget-container\">\n\t\t\t\t\t\t\t\t\t<p><b>Gokart <u>Puffo 1,4 KM<\/u><br \/><\/b>dla dzieci 105-130 cm wzrostu<br \/><strong>100 z\u0142 \u2013 8 min<br \/><\/strong>* przejazdy organizowane s\u0105 w poniedzia\u0142ki i wtorki w godzinach 15.00 &#8211; 17.00<strong><br \/><\/strong><\/p><p><b>Gokart <span style=\"text-decoration: underline;\">SODI<\/span><u> 4,5 KM<\/u><br \/><\/b>dla dzieci 135-150 cm wzrostu<b><br \/><strong>85 z\u0142 \u2013 8 min<\/strong><\/b><\/p><p><b>Gokart <u>SODI 6,5 KM<\/u><br \/><\/b>dla wszystkich powy\u017cej 150 cm wzrostu<b><br \/><strong>85 z\u0142 \u2013 8 min<\/strong><\/b><\/p><p><b>\u2022\u00a0Gokart<u> SODI 9,5 KM \u00a02-osobowy<br \/><\/u><\/b>dla opiekuna z dzieckiem<b><br \/><strong>90 z\u0142 \u2013 8 min<\/strong><\/b><\/p><p><b>\u2022 <span style=\"text-decoration: underline;\">PROMOCJA 20-LECIA<\/span><u><br \/><\/u><\/b>Od poniedzia\u0142ku do pi\u0105tku, <strong>ka\u017cda jazda -20 z\u0142 !!!<\/strong><\/p><p><b>\u2022\u00a0<u>PROMOCJA URODZINOWA<br \/><\/u><\/b>W dniu urodzin, jubilat otrzymuje 1 przejazd 8 minutowy gratis, a jego go\u015bcie (max. 9 os\u00f3b) zni\u017ck\u0119 10 pln w tym sam wy\u015bcigu.<\/p><p><b>\u2022\u00a0<u>POLE POSITION CUP<\/u><br \/><\/b>minimum 8 os\u00f3b maksymalnie 12, wymagana wcze\u015bniejsza rezerwacja<b><br \/><\/b><b><strong>280 z\u0142 \/ osoba<\/strong><\/b><\/p><p><b>\u2022\u00a0<u>TOR NA WY\u0141\u0104CZNO\u015a\u0106<\/u><br \/><\/b>w tym 10 gokart\u00f3w, wymagana wcze\u015bniejsza rezerwacja<b><br \/><strong>3500 z\u0142 \/ godzina<\/strong><\/b><\/p><p><b>\u2022\u00a0<u>Kominiarka<\/u><br \/><strong>15 z\u0142<\/strong><\/b>(ze wzgl\u0119d\u00f3w higienicznych ka\u017cdy klient powinien posiada\u0107 kominiark\u0119 pod kask).<\/p>\t\t\t\t\t\t\t\t<\/div>\n\t\t\t\t<\/div>\n\t\t\t\t<div class=\"elementor-element elementor-element-6b5549c elementor-align-justify elementor-widget elementor-widget-button\" data-id=\"6b5549c\" data-element_type=\"widget\" data-e-type=\"widget\" data-widget_type=\"button.default\">\n\t\t\t\t<div class=\"elementor-widget-container\">\n\t\t\t\t\t\t\t\t\t<div class=\"elementor-button-wrapper\">\n\t\t\t\t\t<a class=\"elementor-button elementor-button-link elementor-size-sm elementor-animation-shrink\" href=\"https:\/\/sklep.drive-position.pl\/\">\n\t\t\t\t\t\t<span class=\"elementor-button-content-wrapper\">\n\t\t\t\t\t\t\t\t\t<span class=\"elementor-button-text\">Poznaj kompletny cennik i pe\u0142n\u0105 ofert\u0119 Pole-Position<\/span>\n\t\t\t\t\t<\/span>\n\t\t\t\t\t<\/a>\n\t\t\t\t<\/div>\n\t\t\t\t\t\t\t\t<\/div>\n\t\t\t\t<\/div>\n\t\t\t\t\t<\/div>\n\t\t<\/div>\n\t\t\t\t<div class=\"elementor-column elementor-col-50 elementor-inner-column elementor-element elementor-element-2e1157b\" data-id=\"2e1157b\" data-element_type=\"column\" data-e-type=\"column\">\n\t\t\t<div class=\"elementor-widget-wrap elementor-element-populated\">\n\t\t\t\t\t\t<div class=\"elementor-element elementor-element-36c9a74 elementor-widget elementor-widget-heading\" data-id=\"36c9a74\" data-element_type=\"widget\" data-e-type=\"widget\" data-widget_type=\"heading.default\">\n\t\t\t\t<div class=\"elementor-widget-container\">\n\t\t\t\t\t<h3 class=\"elementor-heading-title elementor-size-default\">Tor Bemowo<\/h3>\t\t\t\t<\/div>\n\t\t\t\t<\/div>\n\t\t\t\t<div class=\"elementor-element elementor-element-4e90de3 elementor-widget-divider--view-line elementor-widget elementor-widget-divider\" data-id=\"4e90de3\" data-element_type=\"widget\" data-e-type=\"widget\" data-widget_type=\"divider.default\">\n\t\t\t\t<div class=\"elementor-widget-container\">\n\t\t\t\t\t\t\t<div class=\"elementor-divider\">\n\t\t\t<span class=\"elementor-divider-separator\">\n\t\t\t\t\t\t<\/span>\n\t\t<\/div>\n\t\t\t\t\t\t<\/div>\n\t\t\t\t<\/div>\n\t\t\t\t<div class=\"elementor-element elementor-element-b3b06b0 elementor-widget elementor-widget-text-editor\" data-id=\"b3b06b0\" data-element_type=\"widget\" data-e-type=\"widget\" data-widget_type=\"text-editor.default\">\n\t\t\t\t<div class=\"elementor-widget-container\">\n\t\t\t\t\t\t\t\t\t<p><b>Gokart <span style=\"text-decoration: underline;\">SODI<\/span><u> 4,5 KM<\/u><br \/><\/b>dla dzieci 135-150 cm wzrostu<b><br \/><strong>85 z\u0142 \u2013 8 min<\/strong><\/b><\/p><p><b>Gokart <u>SODI 6,5 KM<\/u><br \/><\/b>dla wszystkich powy\u017cej 150 cm wzrostu<b><br \/><strong>85 z\u0142 \u2013 8 min<\/strong><\/b><\/p><p><b>\u2022\u00a0Gokart <u>SODI 9,5 KM \u00a02-osobowy<br \/><\/u><\/b>dla opiekuna z dzieckiem<b><br \/><strong>90 z\u0142 \u2013 8 min<\/strong><\/b><\/p><p><b>\u2022 <span style=\"text-decoration: underline;\">PROMOCJA 20-LECIA<\/span><u><br \/><\/u><\/b>Od poniedzia\u0142ku do pi\u0105tku, <strong>ka\u017cda jazda -20 z\u0142 !!!<\/strong><\/p><p><b>\u2022\u00a0<u>PROMOCJA URODZINOWA<br \/><\/u><\/b>\u00a0W dniu urodzin, jubilat otrzymuje 1 przejazd 8 minutowy gratis, a jego go\u015bcie (max. 9 os\u00f3b) zni\u017ck\u0119 10 pln w tym sam wy\u015bcigu.<\/p><p><b>\u2022\u00a0<u>POLE POSITION CUP<\/u><br \/><\/b>minimum 8 os\u00f3b maksymalnie 15, wymagana wcze\u015bniejsza rezerwacja<br \/><b><strong>Promocja: <del>280<\/del> <\/strong><\/b><b><strong>&#8211; 250 z\u0142 \/ osoba<\/strong><\/b><\/p><p><b>\u2022\u00a0<u>TOR NA WY\u0141\u0104CZNO\u015a\u0106<\/u><br \/><\/b>w tym 12 gokart\u00f3w, wymagana wcze\u015bniejsza rezerwacja<b><br \/><\/b><strong>3500<\/strong><strong> z\u0142 \/ godzina<\/strong><b><\/b><\/p><p><b>\u2022\u00a0<u>Kominiarka<\/u><br \/><strong>15 z\u0142<\/strong><\/b>(ze wzgl\u0119d\u00f3w higienicznych ka\u017cdy klient powinien posiada\u0107 kominiark\u0119 pod kask)<\/p>\t\t\t\t\t\t\t\t<\/div>\n\t\t\t\t<\/div>\n\t\t\t\t<div class=\"elementor-element elementor-element-207a2ad elementor-widget elementor-widget-heading\" data-id=\"207a2ad\" data-element_type=\"widget\" data-e-type=\"widget\" data-widget_type=\"heading.default\">\n\t\t\t\t<div class=\"elementor-widget-container\">\n\t\t\t\t\t<h4 class=\"elementor-heading-title elementor-size-default\"><a href=\"https:\/\/sklep.drive-position.pl\/kategoria-produktu\/gokarty-bemowo\/\">Promocja bemowo<\/a><\/h4>\t\t\t\t<\/div>\n\t\t\t\t<\/div>\n\t\t\t\t<div class=\"elementor-element elementor-element-2b7d053 elementor-widget elementor-widget-text-editor\" data-id=\"2b7d053\" data-element_type=\"widget\" data-e-type=\"widget\" data-widget_type=\"text-editor.default\">\n\t\t\t\t<div class=\"elementor-widget-container\">\n\t\t\t\t\t\t\t\t\t<p>W ka\u017cdy dzie\u0144 powszedni, ka\u017cda sesja jest ta\u0144sza o 10 z\u0142!<\/p>\t\t\t\t\t\t\t\t<\/div>\n\t\t\t\t<\/div>\n\t\t\t\t<div class=\"elementor-element elementor-element-23fed80 elementor-align-justify elementor-widget elementor-widget-button\" data-id=\"23fed80\" data-element_type=\"widget\" data-e-type=\"widget\" data-widget_type=\"button.default\">\n\t\t\t\t<div class=\"elementor-widget-container\">\n\t\t\t\t\t\t\t\t\t<div class=\"elementor-button-wrapper\">\n\t\t\t\t\t<a class=\"elementor-button elementor-button-link elementor-size-sm elementor-animation-shrink\" href=\"https:\/\/sklep.drive-position.pl\/kategoria-produktu\/gokarty-bemowo\/\">\n\t\t\t\t\t\t<span class=\"elementor-button-content-wrapper\">\n\t\t\t\t\t\t\t\t\t<span class=\"elementor-button-text\">Poznaj kompletny cennik i pe\u0142n\u0105 ofert\u0119 Pole-Position BEMOWO<\/span>\n\t\t\t\t\t<\/span>\n\t\t\t\t\t<\/a>\n\t\t\t\t<\/div>\n\t\t\t\t\t\t\t\t<\/div>\n\t\t\t\t<\/div>\n\t\t\t\t\t<\/div>\n\t\t<\/div>\n\t\t\t\t\t<\/div>\n\t\t<\/section>\n\t\t\t\t<div class=\"elementor-element elementor-element-085a677 elementor-widget elementor-widget-spacer\" data-id=\"085a677\" data-element_type=\"widget\" data-e-type=\"widget\" data-widget_type=\"spacer.default\">\n\t\t\t\t<div class=\"elementor-widget-container\">\n\t\t\t\t\t\t\t<div class=\"elementor-spacer\">\n\t\t\t<div class=\"elementor-spacer-inner\"><\/div>\n\t\t<\/div>\n\t\t\t\t\t\t<\/div>\n\t\t\t\t<\/div>\n\t\t\t\t<div class=\"elementor-element elementor-element-8c7d3c0 elementor-widget elementor-widget-text-editor\" data-id=\"8c7d3c0\" data-element_type=\"widget\" data-e-type=\"widget\" data-widget_type=\"text-editor.default\">\n\t\t\t\t<div class=\"elementor-widget-container\">\n\t\t\t\t\t\t\t\t\t<h5>Na obu torach Pole-Position istnieje mo\u017cliwo\u015b\u0107 p\u0142acenia kart\u0105 p\u0142atnicz\u0105.<\/h5>\t\t\t\t\t\t\t\t<\/div>\n\t\t\t\t<\/div>\n\t\t\t\t<div class=\"elementor-element elementor-element-fc7ea82 elementor-align-justify elementor-widget elementor-widget-button\" data-id=\"fc7ea82\" data-element_type=\"widget\" data-e-type=\"widget\" data-widget_type=\"button.default\">\n\t\t\t\t<div class=\"elementor-widget-container\">\n\t\t\t\t\t\t\t\t\t<div class=\"elementor-button-wrapper\">\n\t\t\t\t\t<a class=\"elementor-button elementor-button-link elementor-size-sm elementor-animation-shrink\" href=\"http:\/\/pole-position.pl\/?page_id=388\">\n\t\t\t\t\t\t<span class=\"elementor-button-content-wrapper\">\n\t\t\t\t\t\t\t\t\t<span class=\"elementor-button-text\">Akademia kartingu pole position w Jankach<\/span>\n\t\t\t\t\t<\/span>\n\t\t\t\t\t<\/a>\n\t\t\t\t<\/div>\n\t\t\t\t\t\t\t\t<\/div>\n\t\t\t\t<\/div>\n\t\t\t\t<div class=\"elementor-element elementor-element-fade129 elementor-align-justify elementor-widget elementor-widget-button\" data-id=\"fade129\" data-element_type=\"widget\" data-e-type=\"widget\" data-widget_type=\"button.default\">\n\t\t\t\t<div class=\"elementor-widget-container\">\n\t\t\t\t\t\t\t\t\t<div class=\"elementor-button-wrapper\">\n\t\t\t\t\t<a class=\"elementor-button elementor-button-link elementor-size-sm elementor-animation-shrink\" href=\"http:\/\/pole-position.pl\/?page_id=15\">\n\t\t\t\t\t\t<span class=\"elementor-button-content-wrapper\">\n\t\t\t\t\t\t\t\t\t<span class=\"elementor-button-text\">skontaktuj si\u0119 z nami<\/span>\n\t\t\t\t\t<\/span>\n\t\t\t\t\t<\/a>\n\t\t\t\t<\/div>\n\t\t\t\t\t\t\t\t<\/div>\n\t\t\t\t<\/div>\n\t\t\t\t\t<\/div>\n\t\t<\/div>\n\t\t\t\t<div class=\"elementor-column elementor-col-50 elementor-top-column elementor-element elementor-element-a717bad\" data-id=\"a717bad\" data-element_type=\"column\" data-e-type=\"column\">\n\t\t\t<div class=\"elementor-widget-wrap elementor-element-populated\">\n\t\t\t\t\t\t<div class=\"elementor-element elementor-element-00e9755 elementor-widget elementor-widget-image\" data-id=\"00e9755\" data-element_type=\"widget\" data-e-type=\"widget\" data-widget_type=\"image.default\">\n\t\t\t\t<div class=\"elementor-widget-container\">\n\t\t\t\t\t\t\t\t\t\t\t\t\t\t\t\t<a href=\"https:\/\/sklep.drive-position.pl\/kategoria-produktu\/promocja-20-lecia-pole-position\/\">\n\t\t\t\t\t\t\t<img fetchpriority=\"high\" decoding=\"async\" width=\"1024\" height=\"807\" src=\"https:\/\/www.pole-position.pl\/wp-content\/uploads\/2026\/04\/promocja20-jasn-20-1024x807.png\" class=\"elementor-animation-shrink attachment-large size-large wp-image-2383\" alt=\"gokarty warszawa\" srcset=\"https:\/\/www.pole-position.pl\/wp-content\/uploads\/2026\/04\/promocja20-jasn-20-1024x807.png 1024w, https:\/\/www.pole-position.pl\/wp-content\/uploads\/2026\/04\/promocja20-jasn-20-300x236.png 300w, https:\/\/www.pole-position.pl\/wp-content\/uploads\/2026\/04\/promocja20-jasn-20-768x605.png 768w, https:\/\/www.pole-position.pl\/wp-content\/uploads\/2026\/04\/promocja20-jasn-20-1536x1210.png 1536w, https:\/\/www.pole-position.pl\/wp-content\/uploads\/2026\/04\/promocja20-jasn-20.png 1689w\" sizes=\"(max-width: 1024px) 100vw, 1024px\" \/>\t\t\t\t\t\t\t\t<\/a>\n\t\t\t\t\t\t\t\t\t\t\t\t\t\t\t<\/div>\n\t\t\t\t<\/div>\n\t\t\t\t<div class=\"elementor-element elementor-element-5efa07d elementor-widget elementor-widget-heading\" data-id=\"5efa07d\" data-element_type=\"widget\" data-e-type=\"widget\" data-widget_type=\"heading.default\">\n\t\t\t\t<div class=\"elementor-widget-container\">\n\t\t\t\t\t<h4 class=\"elementor-heading-title elementor-size-default\">Od poniedzia\u0142ku do pi\u0105tku, ka\u017cda jazda ta\u0144sza o 20z\u0142!<\/h4>\t\t\t\t<\/div>\n\t\t\t\t<\/div>\n\t\t\t\t<div class=\"elementor-element elementor-element-69354b7 elementor-widget elementor-widget-text-editor\" data-id=\"69354b7\" data-element_type=\"widget\" data-e-type=\"widget\" data-widget_type=\"text-editor.default\">\n\t\t\t\t<div class=\"elementor-widget-container\">\n\t\t\t\t\t\t\t\t\t<p>Promocja 20-lecia obowi\u0105zuje na torach oraz w sklepie online!<\/p>\t\t\t\t\t\t\t\t<\/div>\n\t\t\t\t<\/div>\n\t\t\t\t<div class=\"elementor-element elementor-element-ba77bd4 elementor-widget elementor-widget-image\" data-id=\"ba77bd4\" data-element_type=\"widget\" data-e-type=\"widget\" data-widget_type=\"image.default\">\n\t\t\t\t<div class=\"elementor-widget-container\">\n\t\t\t\t\t\t\t\t\t\t\t\t\t\t\t\t<a href=\"https:\/\/www.pole-position.pl\/?page_id=388\">\n\t\t\t\t\t\t\t<img decoding=\"async\" width=\"1024\" height=\"819\" src=\"https:\/\/www.pole-position.pl\/wp-content\/uploads\/2026\/02\/Zrzut-ekranu-2026-02-2-o-13.45.38-e1776419859694-1024x819.png\" class=\"attachment-large size-large wp-image-2255\" alt=\"Akademia Kartingu dla dzieci Warszawa\" srcset=\"https:\/\/www.pole-position.pl\/wp-content\/uploads\/2026\/02\/Zrzut-ekranu-2026-02-2-o-13.45.38-e1776419859694-1024x819.png 1024w, https:\/\/www.pole-position.pl\/wp-content\/uploads\/2026\/02\/Zrzut-ekranu-2026-02-2-o-13.45.38-e1776419859694-300x240.png 300w, https:\/\/www.pole-position.pl\/wp-content\/uploads\/2026\/02\/Zrzut-ekranu-2026-02-2-o-13.45.38-e1776419859694-768x615.png 768w, https:\/\/www.pole-position.pl\/wp-content\/uploads\/2026\/02\/Zrzut-ekranu-2026-02-2-o-13.45.38-e1776419859694.png 1066w\" sizes=\"(max-width: 1024px) 100vw, 1024px\" \/>\t\t\t\t\t\t\t\t<\/a>\n\t\t\t\t\t\t\t\t\t\t\t\t\t\t\t<\/div>\n\t\t\t\t<\/div>\n\t\t\t\t\t<\/div>\n\t\t<\/div>\n\t\t\t\t\t<\/div>\n\t\t<\/section>\n\t\t\t\t<\/div>\n\t\t","protected":false},"excerpt":{"rendered":"<p>\/ 01 Cennik Gokarty warszawa, jazdy indywidualne, gokarty dla dzieci, imprezy okoliczno\u015bciowe Od poniedzia\u0142ku do pi\u0105tku, ka\u017cda jazda ta\u0144sza o 20z\u0142! Promocja wa\u017cna na naszych torach i w sklepie online! Tor Janki Gokart Puffo 1,4 KMdla dzieci 105-130 cm wzrostu100 z\u0142 \u2013 8 min* przejazdy organizowane s\u0105 w poniedzia\u0142ki i wtorki w godzinach 15.00 &#8211; &hellip;<\/p>\n<p class=\"read-more\"> <a class=\"\" href=\"https:\/\/www.pole-position.pl\/?page_id=747\"> <span class=\"screen-reader-text\">Cennik<\/span> Czytaj wi\u0119cej >><\/a><\/p>\n","protected":false},"author":1,"featured_media":685,"parent":0,"menu_order":0,"comment_status":"closed","ping_status":"closed","template":"","meta":{"_monsterinsights_skip_tracking":false,"_monsterinsights_sitenote_active":false,"_monsterinsights_sitenote_note":"","_monsterinsights_sitenote_category":0,"site-sidebar-layout":"no-sidebar","site-content-layout":"page-builder","ast-main-header-display":"","ast-hfb-above-header-display":"","ast-hfb-below-header-display":"","ast-hfb-mobile-header-display":"","site-post-title":"disabled","ast-breadcrumbs-content":"","ast-featured-img":"disabled","footer-sml-layout":"","theme-transparent-header-meta":"enabled","adv-header-id-meta":"","stick-header-meta":"","header-above-stick-meta":"","header-main-stick-meta":"","header-below-stick-meta":"","footnotes":""},"class_list":["post-747","page","type-page","status-publish","has-post-thumbnail","hentry"],"aioseo_notices":[],"_links":{"self":[{"href":"https:\/\/www.pole-position.pl\/index.php?rest_route=\/wp\/v2\/pages\/747","targetHints":{"allow":["GET"]}}],"collection":[{"href":"https:\/\/www.pole-position.pl\/index.php?rest_route=\/wp\/v2\/pages"}],"about":[{"href":"https:\/\/www.pole-position.pl\/index.php?rest_route=\/wp\/v2\/types\/page"}],"author":[{"embeddable":true,"href":"https:\/\/www.pole-position.pl\/index.php?rest_route=\/wp\/v2\/users\/1"}],"replies":[{"embeddable":true,"href":"https:\/\/www.pole-position.pl\/index.php?rest_route=%2Fwp%2Fv2%2Fcomments&post=747"}],"version-history":[{"count":142,"href":"https:\/\/www.pole-position.pl\/index.php?rest_route=\/wp\/v2\/pages\/747\/revisions"}],"predecessor-version":[{"id":2407,"href":"https:\/\/www.pole-position.pl\/index.php?rest_route=\/wp\/v2\/pages\/747\/revisions\/2407"}],"wp:featuredmedia":[{"embeddable":true,"href":"https:\/\/www.pole-position.pl\/index.php?rest_route=\/wp\/v2\/media\/685"}],"wp:attachment":[{"href":"https:\/\/www.pole-position.pl\/index.php?rest_route=%2Fwp%2Fv2%2Fmedia&parent=747"}],"curies":[{"name":"wp","href":"https:\/\/api.w.org\/{rel}","templated":true}]}}